{"id":12096,"date":"2023-11-06T11:05:32","date_gmt":"2023-11-06T11:05:32","guid":{"rendered":"https:\/\/cardealer.potenzaglobalsolutions.com\/electro-el\/?page_id=12096"},"modified":"2025-09-07T17:19:35","modified_gmt":"2025-09-07T17:19:35","slug":"haqqimizda","status":"publish","type":"page","link":"https:\/\/fayton.az\/en\/haqqimizda\/","title":{"rendered":"About us"},"content":{"rendered":"<div data-elementor-type=\"wp-page\" data-elementor-id=\"12096\" class=\"elementor elementor-12096\">\n\t\t\t\t<div class=\"elementor-element elementor-element-188f13f e-flex e-con-boxed e-con e-parent\" data-id=\"188f13f\" data-element_type=\"container\" data-e-type=\"container\">\n\t\t\t\t\t<div class=\"e-con-inner\">\n\t\t<div class=\"elementor-element elementor-element-bf490cf e-con-full e-flex e-con e-child\" data-id=\"bf490cf\" data-element_type=\"container\" data-e-type=\"container\">\n\t\t\t\t<div class=\"elementor-element elementor-element-0b8bb35 elementor-widget elementor-widget-image\" data-id=\"0b8bb35\" data-element_type=\"widget\" data-e-type=\"widget\" data-widget_type=\"image.default\">\n\t\t\t\t\t\t\t\t\t\t\t\t\t\t\t<img fetchpriority=\"high\" decoding=\"async\" width=\"520\" height=\"655\" src=\"https:\/\/fayton.az\/wp-content\/uploads\/2025\/09\/520x655-about-2.jpg\" class=\"attachment-full size-full wp-image-13654\" alt=\"\" srcset=\"https:\/\/fayton.az\/wp-content\/uploads\/2025\/09\/520x655-about-2.jpg 520w, https:\/\/fayton.az\/wp-content\/uploads\/2025\/09\/520x655-about-2-238x300.jpg 238w, https:\/\/fayton.az\/wp-content\/uploads\/2025\/09\/520x655-about-2-10x12.jpg 10w\" sizes=\"(max-width: 520px) 100vw, 520px\" \/>\t\t\t\t\t\t\t\t\t\t\t\t\t\t\t<\/div>\n\t\t\t\t<\/div>\n\t\t<div class=\"elementor-element elementor-element-6bd9fdb e-con-full e-flex e-con e-child\" data-id=\"6bd9fdb\" data-element_type=\"container\" data-e-type=\"container\">\n\t\t\t\t<div class=\"elementor-element elementor-element-8be653d elementor-widget elementor-widget-cdhl_section-title\" data-id=\"8be653d\" data-element_type=\"widget\" data-e-type=\"widget\" data-widget_type=\"cdhl_section-title.default\">\n\t\t\t\t<div class=\"elementor-widget-container\">\n\t\t\t\t\t<div class=\"cdhl_section-title_wrapper\">\n\t<div class=\"section-title text-left style_3\" id=\"8be653d\">\n\t\t\t\t\t\t<span class=\"sub-title\">Who are we?<label><\/label><\/span>\n\t\t\t\t<h2 class=\"main-title\">\n\t\t\tAbout Fayton.az\t\t<\/h2>\n\t\t\t\t\t<p>Fayton.az \u2013 is the official supplier of golf carts, spare parts and accessories in Azerbaijan. We provide reliable solutions for individual customers, hotels, summer houses and golf courses.<\/p>\n\t\t\t\t<\/div>\n<\/div>\n\t\t\t\t<\/div>\n\t\t\t\t<\/div>\n\t\t\t\t<div class=\"elementor-element elementor-element-c549344 elementor-widget elementor-widget-cdhl_infobox\" data-id=\"c549344\" data-element_type=\"widget\" data-e-type=\"widget\" data-widget_type=\"cdhl_infobox.default\">\n\t\t\t\t<div class=\"elementor-widget-container\">\n\t\t\t\t\t<div class=\"cdhl_infobox_wrapper\">\n\t<div class=\"cdhl-infobox style-2 cdhl-icon-default\" id=\"cdhl-infobox-c549344\" >\n\t\t\t<div class=\"infobox-icon infobox-icon-type-default\">\n\t\t<i aria-hidden=\"true\" class=\"glyph-icon flaticon-travel\"><\/i>\t<\/div>\n\t<div class=\"infobox-content\">\n\t\t\t<h5 class=\"infobox-title\">\n\t\t\tOur mission\t\t<\/h5>\n\t\t\t\t<div class=\"infobox-description\">\n\t\t\tOur goal is to make golf carts accessible to everyone in Azerbaijan, and to provide our customers with high-quality products and reliable service.\t\t<\/div>\n\t\t<\/div>\n\t<\/div>\n<\/div>\t\t\t\t<\/div>\n\t\t\t\t<\/div>\n\t\t\t\t<div class=\"elementor-element elementor-element-97195fb elementor-widget elementor-widget-cdhl_infobox\" data-id=\"97195fb\" data-element_type=\"widget\" data-e-type=\"widget\" data-widget_type=\"cdhl_infobox.default\">\n\t\t\t\t<div class=\"elementor-widget-container\">\n\t\t\t\t\t<div class=\"cdhl_infobox_wrapper\">\n\t<div class=\"cdhl-infobox style-2 cdhl-icon-default\" id=\"cdhl-infobox-97195fb\" >\n\t\t\t<div class=\"infobox-icon infobox-icon-type-default\">\n\t\t<i aria-hidden=\"true\" class=\"glyph-icon flaticon-car-repair\"><\/i>\t<\/div>\n\t<div class=\"infobox-content\">\n\t\t\t<h5 class=\"infobox-title\">\n\t\t\tOur advantages\t\t<\/h5>\n\t\t\t\t<div class=\"infobox-description\">\n\t\t\tWe stand out with our original products, guaranteed service, fast delivery, and wide range of models.\t\t<\/div>\n\t\t<\/div>\n\t<\/div>\n<\/div>\t\t\t\t<\/div>\n\t\t\t\t<\/div>\n\t\t\t\t<div class=\"elementor-element elementor-element-f4d2614 elementor-widget elementor-widget-cdhl_button\" data-id=\"f4d2614\" data-element_type=\"widget\" data-e-type=\"widget\" data-widget_type=\"cdhl_button.default\">\n\t\t\t\t<div class=\"elementor-widget-container\">\n\t\t\t\t\t\t<div class=\"cdhl_button_wrapper align-left btn-normal\">\n\t\t<a href=\"https:\/\/fayton.az\/en\/elaqe\/\" target=\"_blank\" rel=\"nofollow\" class=\"button pgs_btn default extra-large\">\n\t\t\t\t\t\t\t<span class=\"button-icon icon-position-left\">\n\t\t\t\t\t\t\t\t<\/span>\n\t\t\t\t\t\t\tContact us now\t\t\t\t\t<\/a>\n\t<\/div>\n\t\t\t\t\t<\/div>\n\t\t\t\t<\/div>\n\t\t\t\t<\/div>\n\t\t\t\t\t<\/div>\n\t\t\t\t<\/div>\n\t\t<div class=\"elementor-element elementor-element-0d5ff97 e-flex e-con-boxed e-con e-parent\" data-id=\"0d5ff97\" data-element_type=\"container\" data-e-type=\"container\">\n\t\t\t\t\t<div class=\"e-con-inner\">\n\t\t\t\t<div class=\"elementor-element elementor-element-e370c95 elementor-widget-divider--view-line_text elementor-widget-divider--element-align-center elementor-widget elementor-widget-divider\" data-id=\"e370c95\" data-element_type=\"widget\" data-e-type=\"widget\" data-widget_type=\"divider.default\">\n\t\t\t\t\t\t\t<div class=\"elementor-divider\">\n\t\t\t<span class=\"elementor-divider-separator\">\n\t\t\t\t\t\t\t<h4 class=\"elementor-divider__text elementor-divider__element\">\n\t\t\t\tOur partners\t\t\t\t<\/h4>\n\t\t\t\t\t\t<\/span>\n\t\t<\/div>\n\t\t\t\t\t\t<\/div>\n\t\t\t\t<div class=\"elementor-element elementor-element-996f0ae elementor-widget elementor-widget-cdhl_clients\" data-id=\"996f0ae\" data-element_type=\"widget\" data-e-type=\"widget\" data-widget_type=\"cdhl_clients.default\">\n\t\t\t\t<div class=\"elementor-widget-container\">\n\t\t\t\t\t<div class=\"cdhl_clients_wrapper\">\n\t<div class=\"our-clients\" >\n\t\t<div class=\"col-lg-12 col-md-12\" >\n\t\t\t\t\t\t\t<div class=\"owl-carousel\" data-nav-arrow=\"false\" data-nav-dots=\"false\" data-autoplay=\"true\" data-space=\"30\" data-loop=\"true\" data-lazyload=\"\" data-items=\"5\" data-md-items=\"5\" data-sm-items=\"3\" data-xs-items=\"3\" data-xx-items=\"2\" >\n\t\t\t\t\t\t\t\t\t<div class=\"item\">\n\t\t\t\t\t\t\t\t\t\t\t\t\t<img decoding=\"async\" class=\"center-block\" src=\"https:\/\/fayton.az\/wp-content\/uploads\/2025\/09\/partner-logo-147-x-43-5.png\" alt=\"\">\n\t\t\t\t\t\t\t\t\t\t\t\t<\/div>\n\t\t\t\t\t\t\t\t\t\t<div class=\"item\">\n\t\t\t\t\t\t\t\t\t\t\t\t\t<img decoding=\"async\" class=\"center-block\" src=\"https:\/\/fayton.az\/wp-content\/uploads\/2025\/09\/partner-logo-147-x-43-4.png\" alt=\"\">\n\t\t\t\t\t\t\t\t\t\t\t\t<\/div>\n\t\t\t\t\t\t\t\t\t\t<div class=\"item\">\n\t\t\t\t\t\t\t\t\t\t\t\t\t<img decoding=\"async\" class=\"center-block\" src=\"https:\/\/fayton.az\/wp-content\/uploads\/2025\/09\/partner-logo-147-x-43-3.png\" alt=\"\">\n\t\t\t\t\t\t\t\t\t\t\t\t<\/div>\n\t\t\t\t\t\t\t\t\t\t<div class=\"item\">\n\t\t\t\t\t\t\t\t\t\t\t\t\t<img decoding=\"async\" class=\"center-block\" src=\"https:\/\/fayton.az\/wp-content\/uploads\/2025\/09\/partner-logo-147-x-43-2.png\" alt=\"\">\n\t\t\t\t\t\t\t\t\t\t\t\t<\/div>\n\t\t\t\t\t\t\t\t\t\t<div class=\"item\">\n\t\t\t\t\t\t\t\t\t\t\t\t\t<img decoding=\"async\" class=\"center-block\" src=\"https:\/\/fayton.az\/wp-content\/uploads\/2025\/09\/partner-logo-147-x-43-1.png\" alt=\"\">\n\t\t\t\t\t\t\t\t\t\t\t\t<\/div>\n\t\t\t\t\t\t\t\t\t<\/div>\n\t\t\t\t\t\t<\/div>\n\t<\/div>\n<\/div>\n\t\t\t\t<\/div>\n\t\t\t\t<\/div>\n\t\t\t\t\t<\/div>\n\t\t\t\t<\/div>\n\t\t<div class=\"elementor-element elementor-element-46282d0 e-flex e-con-boxed e-con e-parent\" data-id=\"46282d0\" data-element_type=\"container\" data-e-type=\"container\" data-settings=\"{&quot;background_background&quot;:&quot;classic&quot;}\">\n\t\t\t\t\t<div class=\"e-con-inner\">\n\t\t<div class=\"elementor-element elementor-element-27d875e e-con-full e-flex e-con e-child\" data-id=\"27d875e\" data-element_type=\"container\" data-e-type=\"container\">\n\t\t\t\t<div class=\"elementor-element elementor-element-bf2f4eb elementor-widget elementor-widget-cdhl_section-title\" data-id=\"bf2f4eb\" data-element_type=\"widget\" data-e-type=\"widget\" data-widget_type=\"cdhl_section-title.default\">\n\t\t\t\t<div class=\"elementor-widget-container\">\n\t\t\t\t\t<div class=\"cdhl_section-title_wrapper\">\n\t<div class=\"section-title text-left style_3\" id=\"bf2f4eb\">\n\t\t\t\t\t\t<span class=\"sub-title\">Golf cars<label><\/label><\/span>\n\t\t\t\t<h2 class=\"main-title\">\n\t\t\tWhy choose us?\t\t<\/h2>\n\t\t\t\t\t<p>Fayton is the official supplier of golf carts in Azerbaijan. The models we offer are an ideal choice for hotels, country houses, golf courses and residential complexes. With quality manufacturing, long-lasting batteries, modern design and professional service support, Fayton brings you both everyday comfort and business reliability.<\/p>\n\t\t\t\t<\/div>\n<\/div>\n\t\t\t\t<\/div>\n\t\t\t\t<\/div>\n\t\t\t\t<div class=\"elementor-element elementor-element-2b22ff3 elementor-widget elementor-widget-cdhl_infobox\" data-id=\"2b22ff3\" data-element_type=\"widget\" data-e-type=\"widget\" data-widget_type=\"cdhl_infobox.default\">\n\t\t\t\t<div class=\"elementor-widget-container\">\n\t\t\t\t\t<div class=\"cdhl_infobox_wrapper\">\n\t<div class=\"cdhl-infobox style-2 cdhl-icon-round\" id=\"cdhl-infobox-2b22ff3\" >\n\t\t\t<div class=\"infobox-icon infobox-icon-type-flat\">\n\t\t<i aria-hidden=\"true\" class=\"glyph-icon flaticon-air-conditioning\"><\/i>\t<\/div>\n\t<div class=\"infobox-content\">\n\t\t\t<h5 class=\"infobox-title\">\n\t\t\tLong-lasting battery\t\t<\/h5>\n\t\t\t\t<div class=\"infobox-description\">\n\t\t\tMore distance, more reliable movement with every charge.\t\t<\/div>\n\t\t<\/div>\n\t<\/div>\n<\/div>\t\t\t\t<\/div>\n\t\t\t\t<\/div>\n\t\t\t\t<div class=\"elementor-element elementor-element-8a0b303 elementor-widget elementor-widget-cdhl_infobox\" data-id=\"8a0b303\" data-element_type=\"widget\" data-e-type=\"widget\" data-widget_type=\"cdhl_infobox.default\">\n\t\t\t\t<div class=\"elementor-widget-container\">\n\t\t\t\t\t<div class=\"cdhl_infobox_wrapper\">\n\t<div class=\"cdhl-infobox style-2 cdhl-icon-round\" id=\"cdhl-infobox-8a0b303\" >\n\t\t\t<div class=\"infobox-icon infobox-icon-type-flat\">\n\t\t<i aria-hidden=\"true\" class=\"glyph-icon flaticon-inspection\"><\/i>\t<\/div>\n\t<div class=\"infobox-content\">\n\t\t\t<h5 class=\"infobox-title\">\n\t\t\tProfessional service support\t\t<\/h5>\n\t\t\t\t<div class=\"infobox-description\">\n\t\t\tContinuous ease of use with spare parts and maintenance.\t\t<\/div>\n\t\t<\/div>\n\t<\/div>\n<\/div>\t\t\t\t<\/div>\n\t\t\t\t<\/div>\n\t\t\t\t<\/div>\n\t\t<div class=\"elementor-element elementor-element-1adbecf e-con-full e-flex e-con e-child\" data-id=\"1adbecf\" data-element_type=\"container\" data-e-type=\"container\">\n\t\t<div class=\"elementor-element elementor-element-4a05ee9 e-flex e-con-boxed e-con e-child\" data-id=\"4a05ee9\" data-element_type=\"container\" data-e-type=\"container\" data-settings=\"{&quot;background_background&quot;:&quot;classic&quot;}\">\n\t\t\t\t\t<div class=\"e-con-inner\">\n\t\t\t\t\t<\/div>\n\t\t\t\t<\/div>\n\t\t\t\t<\/div>\n\t\t\t\t\t<\/div>\n\t\t\t\t<\/div>\n\t\t\t\t<section class=\"elementor-section elementor-top-section elementor-element elementor-element-65f1caa elementor-section-boxed elementor-section-height-default elementor-section-height-default\" data-id=\"65f1caa\" data-element_type=\"section\" data-e-type=\"section\">\n\t\t\t\t\t\t<div class=\"elementor-container elementor-column-gap-default\">\n\t\t\t\t\t<div class=\"elementor-column elementor-col-100 elementor-top-column elementor-element elementor-element-aeca03e\" data-id=\"aeca03e\" data-element_type=\"column\" data-e-type=\"column\">\n\t\t\t<div class=\"elementor-widget-wrap elementor-element-populated\">\n\t\t\t\t\t\t<section class=\"elementor-section elementor-inner-section elementor-element elementor-element-f6a5547 elementor-section-boxed elementor-section-height-default elementor-section-height-default\" data-id=\"f6a5547\" data-element_type=\"section\" data-e-type=\"section\">\n\t\t\t\t\t\t<div class=\"elementor-container elementor-column-gap-default\">\n\t\t\t\t\t<div class=\"elementor-column elementor-col-100 elementor-inner-column elementor-element elementor-element-2d7d5ee\" data-id=\"2d7d5ee\" data-element_type=\"column\" data-e-type=\"column\">\n\t\t\t<div class=\"elementor-widget-wrap elementor-element-populated\">\n\t\t\t\t\t\t<div class=\"elementor-element elementor-element-babd0cc elementor-widget elementor-widget-cdhl_section-title\" data-id=\"babd0cc\" data-element_type=\"widget\" data-e-type=\"widget\" data-widget_type=\"cdhl_section-title.default\">\n\t\t\t\t<div class=\"elementor-widget-container\">\n\t\t\t\t\t<div class=\"cdhl_section-title_wrapper\">\n\t<div class=\"section-title text-center style_3\" id=\"babd0cc\">\n\t\t\t\t\t\t<span class=\"sub-title\">Thoughts matter.<label><\/label><\/span>\n\t\t\t\t<h2 class=\"main-title\">\n\t\t\tCustomer reviews\t\t<\/h2>\n\t\t\t<\/div>\n<\/div>\n\t\t\t\t<\/div>\n\t\t\t\t<\/div>\n\t\t\t\t\t<\/div>\n\t\t<\/div>\n\t\t\t\t\t<\/div>\n\t\t<\/section>\n\t\t\t\t<div class=\"elementor-element elementor-element-1658134 elementor-widget elementor-widget-cdhl_testimonials\" data-id=\"1658134\" data-element_type=\"widget\" data-e-type=\"widget\" data-widget_type=\"cdhl_testimonials.default\">\n\t\t\t\t<div class=\"elementor-widget-container\">\n\t\t\t\t\t<div class=\"cdhl_testimonials_wrapper\">\n\t<div class=\"testimonial page testimonial-1 white-bg testimonial-style-1\" id=\"cd_testimonials_1658134\">\n\t\t\t\t<div class=\"owl-carousel\" data-nav-arrow=\"true\" data-nav-dots=\"false\" data-autoplay=\"true\" data-lazyload=\"\" data-space=\"20\" data-loop=\"true\" data-items=\"3\" data-md-items=\"3\" data-sm-items=\"2\" data-xs-items=\"1\" data-xx-items=\"1\">\n\t\t\t<div class=\"item\">\n\t\t<div class=\"testimonial-block text-center\">\n\t\t\t<div class=\"testimonial-image\">\n\t\t\t\t<img decoding=\"async\" width=\"640\" height=\"320\" src=\"https:\/\/fayton.az\/wp-content\/uploads\/2025\/09\/fayton-feaures-1.jpg\" class=\"attachment-cardealer-blog-thumb size-cardealer-blog-thumb wp-post-image\" alt=\"\" srcset=\"https:\/\/fayton.az\/wp-content\/uploads\/2025\/09\/fayton-feaures-1.jpg 640w, https:\/\/fayton.az\/wp-content\/uploads\/2025\/09\/fayton-feaures-1-300x150.jpg 300w\" sizes=\"(max-width: 640px) 100vw, 640px\" \/>\t\t\t<\/div>\n\t\t\t<div class=\"testimonial-box\">\n\t\t\t\t<div class=\"testimonial-avtar\">\n\t\t\t\t\t\t\t\t\t\t\t\t<img decoding=\"async\" class=\"img-responsive\" src=\"https:\/\/fayton.az\/wp-content\/uploads\/2017\/01\/testimonal-430-x-500-1-150x150.jpg\" alt=\"Samir\u0259 M\u0259mm\u0259dova\" width=\"150\" height=\"150\">\n\t\t\t\t\t\t\t\t\t\t\t\t<h6>Samira Mammadova<\/h6>\n\t\t\t\t\t\t\t\t\t\t\t<span>| Caspian Gardens<\/span>\n\t\t\t\t\t\t\t\t\t\t<\/div>\n\t\t\t\t<div class=\"testimonial-content\">\n\t\t\t\t\t<p>I feel special when I ride in the hotel's Phaeton golf carts. It's quiet, comfortable and looks very stylish.<\/p>\n\t\t\t\t\t<i class=\"fas fa-quote-right\"><\/i>\n\t\t\t\t<\/div>\n\t\t\t<\/div>\n\t\t<\/div>\n\t<\/div>\n\t\t<div class=\"item\">\n\t\t<div class=\"testimonial-block text-center\">\n\t\t\t<div class=\"testimonial-image\">\n\t\t\t\t<img loading=\"lazy\" decoding=\"async\" width=\"640\" height=\"320\" src=\"https:\/\/fayton.az\/wp-content\/uploads\/2025\/09\/fayton-feaures-13.jpg\" class=\"attachment-cardealer-blog-thumb size-cardealer-blog-thumb wp-post-image\" alt=\"\" srcset=\"https:\/\/fayton.az\/wp-content\/uploads\/2025\/09\/fayton-feaures-13.jpg 640w, https:\/\/fayton.az\/wp-content\/uploads\/2025\/09\/fayton-feaures-13-300x150.jpg 300w\" sizes=\"(max-width: 640px) 100vw, 640px\" \/>\t\t\t<\/div>\n\t\t\t<div class=\"testimonial-box\">\n\t\t\t\t<div class=\"testimonial-avtar\">\n\t\t\t\t\t\t\t\t\t\t\t\t<img loading=\"lazy\" decoding=\"async\" class=\"img-responsive\" src=\"https:\/\/fayton.az\/wp-content\/uploads\/2017\/01\/testimonal-430-x-500-2-150x150.jpg\" alt=\"B\u0259hruz M\u0259mm\u0259dov\" width=\"150\" height=\"150\">\n\t\t\t\t\t\t\t\t\t\t\t\t<h6>Bahruz Mammadov<\/h6>\n\t\t\t\t\t\t\t\t\t\t\t<span>| More Breeze<\/span>\n\t\t\t\t\t\t\t\t\t\t<\/div>\n\t\t\t\t<div class=\"testimonial-content\">\n\t\t\t\t\t<p>I feel the difference every time I ride in a Fayton on the golf course. It is both practical and I trust its quality.<\/p>\n\t\t\t\t\t<i class=\"fas fa-quote-right\"><\/i>\n\t\t\t\t<\/div>\n\t\t\t<\/div>\n\t\t<\/div>\n\t<\/div>\n\t\t<div class=\"item\">\n\t\t<div class=\"testimonial-block text-center\">\n\t\t\t<div class=\"testimonial-image\">\n\t\t\t\t<img loading=\"lazy\" decoding=\"async\" width=\"640\" height=\"320\" src=\"https:\/\/fayton.az\/wp-content\/uploads\/2025\/09\/fayton-feaures-3.jpg\" class=\"attachment-cardealer-blog-thumb size-cardealer-blog-thumb wp-post-image\" alt=\"\" srcset=\"https:\/\/fayton.az\/wp-content\/uploads\/2025\/09\/fayton-feaures-3.jpg 640w, https:\/\/fayton.az\/wp-content\/uploads\/2025\/09\/fayton-feaures-3-300x150.jpg 300w\" sizes=\"(max-width: 640px) 100vw, 640px\" \/>\t\t\t<\/div>\n\t\t\t<div class=\"testimonial-box\">\n\t\t\t\t<div class=\"testimonial-avtar\">\n\t\t\t\t\t\t\t\t\t\t\t\t<img loading=\"lazy\" decoding=\"async\" class=\"img-responsive\" src=\"https:\/\/fayton.az\/wp-content\/uploads\/2017\/01\/testimonal-430-x-500-3-150x150.jpg\" alt=\"\u00dclk\u0259r \u018fliyeva\" width=\"150\" height=\"150\">\n\t\t\t\t\t\t\t\t\t\t\t\t<h6>Ulkar Aliyeva<\/h6>\n\t\t\t\t\t\t\t\t\t\t\t<span>| Mountain Hotel<\/span>\n\t\t\t\t\t\t\t\t\t\t<\/div>\n\t\t\t\t<div class=\"testimonial-content\">\n\t\t\t\t\t<p>Yard work used to be difficult, but now everything is easier with my Phaeton golf cart. I can use it whenever I want.<\/p>\n\t\t\t\t\t<i class=\"fas fa-quote-right\"><\/i>\n\t\t\t\t<\/div>\n\t\t\t<\/div>\n\t\t<\/div>\n\t<\/div>\n\t\t\t<\/div>\n\t\t\t<\/div>\n<\/div>\n\t\t\t\t<\/div>\n\t\t\t\t<\/div>\n\t\t\t\t\t<\/div>\n\t\t<\/div>\n\t\t\t\t\t<\/div>\n\t\t<\/section>\n\t\t<div class=\"elementor-element elementor-element-6d45bbf e-flex e-con-boxed e-con e-parent\" data-id=\"6d45bbf\" data-element_type=\"container\" data-e-type=\"container\" data-settings=\"{&quot;background_background&quot;:&quot;video&quot;,&quot;background_video_link&quot;:&quot;https:\\\/\\\/www.youtube.com\\\/watch?v=BT-5w1Yt_Wc&amp;pp=ygUUZ29sZiBjYXJ0IGNvbW1lcmNpYWw%3D&quot;}\">\n\t\t\t\t\t<div class=\"e-con-inner\">\n\t\t<div class=\"elementor-background-video-container elementor-hidden-mobile\">\n\t\t\t\t\t\t\t<div class=\"elementor-background-video-embed\" role=\"presentation\"><\/div>\n\t\t\t\t\t\t<\/div>\t\t<div class=\"elementor-element elementor-element-8d69cab elementor-widget elementor-widget-cdhl_section-title\" data-id=\"8d69cab\" data-element_type=\"widget\" data-e-type=\"widget\" data-widget_type=\"cdhl_section-title.default\">\n\t\t\t\t<div class=\"elementor-widget-container\">\n\t\t\t\t\t<div class=\"cdhl_section-title_wrapper\">\n\t<div class=\"section-title text-center style_3\" id=\"8d69cab\">\n\t\t\t\t\t\t<span class=\"sub-title\">Watch the video to see the convenience and advantages of our models.<label><\/label><\/span>\n\t\t\t\t<h2 class=\"main-title\">\n\t\t\tDiscover Phaeton golf carts\t\t<\/h2>\n\t\t\t<\/div>\n<\/div>\n\t\t\t\t<\/div>\n\t\t\t\t<\/div>\n\t\t\t\t<div class=\"elementor-element elementor-element-118330d elementor-widget elementor-widget-cdhl_button\" data-id=\"118330d\" data-element_type=\"widget\" data-e-type=\"widget\" data-widget_type=\"cdhl_button.default\">\n\t\t\t\t<div class=\"elementor-widget-container\">\n\t\t\t\t\t\t<div class=\"cdhl_button_wrapper align-center btn-normal\">\n\t\t<a href=\"https:\/\/www.youtube.com\/watch?v=BT-5w1Yt_Wc&#038;pp=ygUUZ29sZiBjYXJ0IGNvbW1lcmNpYWw%3D\" target=\"_blank\" rel=\"nofollow\" class=\"button pgs_btn default extra-large\">\n\t\t\t\t\t\t\t<span class=\"button-icon icon-position-left\">\n\t\t\t\t\t\t\t\t<\/span>\n\t\t\t\t\t\t\tVideo presentation\t\t\t\t\t<\/a>\n\t<\/div>\n\t\t\t\t\t<\/div>\n\t\t\t\t<\/div>\n\t\t\t\t\t<\/div>\n\t\t\t\t<\/div>\n\t\t\t\t<\/div>","protected":false},"excerpt":{"rendered":"<p>Biz kimik? Fayton.az haqq\u0131nda Fayton.az \u2013 Az\u0259rbaycanda golf ma\u015f\u0131nlar\u0131, ehtiyat hiss\u0259l\u0259ri v\u0259 aksesuarlar\u0131n\u0131n r\u0259smi t\u0259chizat\u00e7\u0131s\u0131d\u0131r. F\u0259rdi m\u00fc\u015ft\u0259ril\u0259r, otell\u0259r, ba\u011f evl\u0259ri v\u0259 golf meydan\u00e7alar\u0131 \u00fc\u00e7\u00fcn etibarl\u0131 h\u0259ll\u0259r t\u0259qdim edirik. Missiyam\u0131z Az\u0259rbaycanda golf ma\u015f\u0131nlar\u0131n\u0131 h\u0259r k\u0259s \u00fc\u00e7\u00fcn \u0259l\u00e7atan etm\u0259k, m\u00fc\u015ft\u0259ril\u0259rimiz\u0259 y\u00fcks\u0259k keyfiyy\u0259tli m\u0259hsullar v\u0259 etibarl\u0131 servis xidm\u0259ti g\u00f6st\u0259rm\u0259kdir. \u00dcst\u00fcnl\u00fckl\u0259rimiz Orijinal m\u0259hsullar, z\u0259man\u0259tli servis, s\u00fcr\u0259tli \u00e7atd\u0131r\u0131lma v\u0259 geni\u015f [&hellip;]<\/p>\n","protected":false},"author":1,"featured_media":0,"parent":0,"menu_order":0,"comment_status":"closed","ping_status":"closed","template":"elementor_header_footer","meta":{"_acf_changed":false,"footnotes":""},"class_list":["post-12096","page","type-page","status-publish","hentry"],"acf":[],"_links":{"self":[{"href":"https:\/\/fayton.az\/en\/wp-json\/wp\/v2\/pages\/12096","targetHints":{"allow":["GET"]}}],"collection":[{"href":"https:\/\/fayton.az\/en\/wp-json\/wp\/v2\/pages"}],"about":[{"href":"https:\/\/fayton.az\/en\/wp-json\/wp\/v2\/types\/page"}],"author":[{"embeddable":true,"href":"https:\/\/fayton.az\/en\/wp-json\/wp\/v2\/users\/1"}],"replies":[{"embeddable":true,"href":"https:\/\/fayton.az\/en\/wp-json\/wp\/v2\/comments?post=12096"}],"version-history":[{"count":52,"href":"https:\/\/fayton.az\/en\/wp-json\/wp\/v2\/pages\/12096\/revisions"}],"predecessor-version":[{"id":13807,"href":"https:\/\/fayton.az\/en\/wp-json\/wp\/v2\/pages\/12096\/revisions\/13807"}],"wp:attachment":[{"href":"https:\/\/fayton.az\/en\/wp-json\/wp\/v2\/media?parent=12096"}],"curies":[{"name":"wp","href":"https:\/\/api.w.org\/{rel}","templated":true}]}}