{"id":13556,"date":"2025-09-01T23:07:49","date_gmt":"2025-09-01T23:07:49","guid":{"rendered":"https:\/\/fayton.az\/?page_id=13556"},"modified":"2025-09-01T23:08:48","modified_gmt":"2025-09-01T23:08:48","slug":"fayton-bloq","status":"publish","type":"page","link":"https:\/\/fayton.az\/en\/fayton-bloq\/","title":{"rendered":"Blog"},"content":{"rendered":"<div data-elementor-type=\"wp-page\" data-elementor-id=\"13556\" class=\"elementor elementor-13556\">\n\t\t\t\t<div class=\"elementor-element elementor-element-c4940ed e-flex e-con-boxed e-con e-parent\" data-id=\"c4940ed\" data-element_type=\"container\" data-e-type=\"container\">\n\t\t\t\t\t<div class=\"e-con-inner\">\n\t\t\t\t<div class=\"elementor-element elementor-element-f2cf774 elementor-widget elementor-widget-cdhl_blog-posts-1\" data-id=\"f2cf774\" data-element_type=\"widget\" data-e-type=\"widget\" data-widget_type=\"cdhl_blog-posts-1.default\">\n\t\t\t\t<div class=\"elementor-widget-container\">\n\t\t\t\t\t<div class=\"cdhl_blog-posts-1_wrapper cdhl_blog_post_1_wrapper\">\n\t<div class=\"cdhl_blog_post_1 grid row\">\n\t\t\t\t\t\t            <div class=\"col-md-6 col-sm-6\">\n        \t\t\t\t<div class=\"cdhl-blog-post-1\">\n\t\t\t<div class=\"blog-post-image\">\n\t\t\t\t\t\t\t\t<div class=\"post-thumb\">\n\t\t\t\t\t\t\t\t\t\t\t\t\t\t\t\t\t\t<img fetchpriority=\"high\" decoding=\"async\" width=\"768\" height=\"459\" src=\"https:\/\/fayton.az\/wp-content\/uploads\/2023\/11\/blog-feature-1170-700-fayton-1-768x459.jpg\" class=\"img-responsive wp-post-image\" alt=\"\" srcset=\"https:\/\/fayton.az\/wp-content\/uploads\/2023\/11\/blog-feature-1170-700-fayton-1-768x459.jpg 768w, https:\/\/fayton.az\/wp-content\/uploads\/2023\/11\/blog-feature-1170-700-fayton-1-300x179.jpg 300w, https:\/\/fayton.az\/wp-content\/uploads\/2023\/11\/blog-feature-1170-700-fayton-1-1024x613.jpg 1024w, https:\/\/fayton.az\/wp-content\/uploads\/2023\/11\/blog-feature-1170-700-fayton-1-18x12.jpg 18w, https:\/\/fayton.az\/wp-content\/uploads\/2023\/11\/blog-feature-1170-700-fayton-1-124x74.jpg 124w, https:\/\/fayton.az\/wp-content\/uploads\/2023\/11\/blog-feature-1170-700-fayton-1.jpg 1170w\" sizes=\"(max-width: 768px) 100vw, 768px\" \/>\t\t\t\t\t\t\t\t\t\t\t\t\t\t\t<\/div>\n\t\t\t\t<div class=\"entry-date\">\n\t\t\t\t\t<span class=\"day\">06<\/span>\n\t\t\t\t\t<span class=\"month\">Nov<\/span>\n\t\t\t\t<\/div>\n\t\t\t<\/div>\n\t\t\t<div class=\"blog-post-content\">\n\t\t\t\t\t\t\t\t<span class=\"post-category\"> <a href=\"https:\/\/fayton.az\/en\/category\/bloq\/\" rel=\"category tag\">Blog<\/a> <\/span>\n\t\t\t\t<h3 class=\"post-title\"><a href=\"https:\/\/fayton.az\/en\/replacing-a-timing\/\">Advantages of golf cars<\/a><\/h3>\n\t\t\t\t<div class=\"post-btn\">\n\t\t\t\t\t<a class=\"read-link\" href=\"https:\/\/fayton.az\/en\/replacing-a-timing\/\">Read More <i class=\"fa-solid fa-arrow-right-long\"><\/i><\/a>\n\t\t\t\t<\/div>\n\t\t\t<\/div>\n\t\t<\/div>\n\t\t\t\t<\/div>\n\t\t\t\t\t\t\t\t            <div class=\"col-md-6 col-sm-6\">\n        \t\t\t\t<div class=\"cdhl-blog-post-1\">\n\t\t\t<div class=\"blog-post-image\">\n\t\t\t\t\t\t\t\t<div class=\"post-thumb\">\n\t\t\t\t\t\t\t\t\t\t\t\t\t\t\t\t\t\t<img decoding=\"async\" width=\"768\" height=\"459\" src=\"https:\/\/fayton.az\/wp-content\/uploads\/2023\/11\/blog-feature-1170-700-fayton-3-768x459.jpg\" class=\"img-responsive wp-post-image\" alt=\"\" srcset=\"https:\/\/fayton.az\/wp-content\/uploads\/2023\/11\/blog-feature-1170-700-fayton-3-768x459.jpg 768w, https:\/\/fayton.az\/wp-content\/uploads\/2023\/11\/blog-feature-1170-700-fayton-3-300x179.jpg 300w, https:\/\/fayton.az\/wp-content\/uploads\/2023\/11\/blog-feature-1170-700-fayton-3-1024x613.jpg 1024w, https:\/\/fayton.az\/wp-content\/uploads\/2023\/11\/blog-feature-1170-700-fayton-3-18x12.jpg 18w, https:\/\/fayton.az\/wp-content\/uploads\/2023\/11\/blog-feature-1170-700-fayton-3-124x74.jpg 124w, https:\/\/fayton.az\/wp-content\/uploads\/2023\/11\/blog-feature-1170-700-fayton-3.jpg 1170w\" sizes=\"(max-width: 768px) 100vw, 768px\" \/>\t\t\t\t\t\t\t\t\t\t\t\t\t\t\t<\/div>\n\t\t\t\t<div class=\"entry-date\">\n\t\t\t\t\t<span class=\"day\">17<\/span>\n\t\t\t\t\t<span class=\"month\">May<\/span>\n\t\t\t\t<\/div>\n\t\t\t<\/div>\n\t\t\t<div class=\"blog-post-content\">\n\t\t\t\t\t\t\t\t<span class=\"post-category\"> <a href=\"https:\/\/fayton.az\/en\/category\/bloq\/\" rel=\"category tag\">Blog<\/a> <\/span>\n\t\t\t\t<h3 class=\"post-title\"><a href=\"https:\/\/fayton.az\/en\/does-your-life-lack-meaning\/\">Electric golf carts \u2013 an ecological and economical solution<\/a><\/h3>\n\t\t\t\t<div class=\"post-btn\">\n\t\t\t\t\t<a class=\"read-link\" href=\"https:\/\/fayton.az\/en\/does-your-life-lack-meaning\/\">Read More <i class=\"fa-solid fa-arrow-right-long\"><\/i><\/a>\n\t\t\t\t<\/div>\n\t\t\t<\/div>\n\t\t<\/div>\n\t\t\t\t<\/div>\n\t\t\t\t\t\t\t\t            <div class=\"col-md-6 col-sm-6\">\n        \t\t\t\t<div class=\"cdhl-blog-post-1\">\n\t\t\t<div class=\"blog-post-image\">\n\t\t\t\t\t\t\t\t<div class=\"post-thumb\">\n\t\t\t\t\t\t\t\t\t\t\t\t\t\t\t\t\t\t<img decoding=\"async\" width=\"768\" height=\"459\" src=\"https:\/\/fayton.az\/wp-content\/uploads\/2023\/11\/blog-feature-1170-700-fayton-4-768x459.jpg\" class=\"img-responsive wp-post-image\" alt=\"\" srcset=\"https:\/\/fayton.az\/wp-content\/uploads\/2023\/11\/blog-feature-1170-700-fayton-4-768x459.jpg 768w, https:\/\/fayton.az\/wp-content\/uploads\/2023\/11\/blog-feature-1170-700-fayton-4-300x179.jpg 300w, https:\/\/fayton.az\/wp-content\/uploads\/2023\/11\/blog-feature-1170-700-fayton-4-1024x613.jpg 1024w, https:\/\/fayton.az\/wp-content\/uploads\/2023\/11\/blog-feature-1170-700-fayton-4-18x12.jpg 18w, https:\/\/fayton.az\/wp-content\/uploads\/2023\/11\/blog-feature-1170-700-fayton-4-124x74.jpg 124w, https:\/\/fayton.az\/wp-content\/uploads\/2023\/11\/blog-feature-1170-700-fayton-4.jpg 1170w\" sizes=\"(max-width: 768px) 100vw, 768px\" \/>\t\t\t\t\t\t\t\t\t\t\t\t\t\t\t<\/div>\n\t\t\t\t<div class=\"entry-date\">\n\t\t\t\t\t<span class=\"day\">17<\/span>\n\t\t\t\t\t<span class=\"month\">May<\/span>\n\t\t\t\t<\/div>\n\t\t\t<\/div>\n\t\t\t<div class=\"blog-post-content\">\n\t\t\t\t\t\t\t\t<span class=\"post-category\"> <a href=\"https:\/\/fayton.az\/en\/category\/bloq\/\" rel=\"category tag\">Blog<\/a> <\/span>\n\t\t\t\t<h3 class=\"post-title\"><a href=\"https:\/\/fayton.az\/en\/the-a-z-of-motivation\/\">Golf cart maintenance \u2013 what services are important?<\/a><\/h3>\n\t\t\t\t<div class=\"post-btn\">\n\t\t\t\t\t<a class=\"read-link\" href=\"https:\/\/fayton.az\/en\/the-a-z-of-motivation\/\">Read More <i class=\"fa-solid fa-arrow-right-long\"><\/i><\/a>\n\t\t\t\t<\/div>\n\t\t\t<\/div>\n\t\t<\/div>\n\t\t\t\t<\/div>\n\t\t\t\t\t\t\t\t            <div class=\"col-md-6 col-sm-6\">\n        \t\t\t\t<div class=\"cdhl-blog-post-1\">\n\t\t\t<div class=\"blog-post-image\">\n\t\t\t\t\t\t\t\t<div class=\"post-thumb\">\n\t\t\t\t\t\t\t\t\t\t\t\t\t\t\t\t\t\t<img loading=\"lazy\" decoding=\"async\" width=\"768\" height=\"459\" src=\"https:\/\/fayton.az\/wp-content\/uploads\/2023\/11\/blog-feature-1170-700-fayton-2-768x459.jpg\" class=\"img-responsive wp-post-image\" alt=\"\" srcset=\"https:\/\/fayton.az\/wp-content\/uploads\/2023\/11\/blog-feature-1170-700-fayton-2-768x459.jpg 768w, https:\/\/fayton.az\/wp-content\/uploads\/2023\/11\/blog-feature-1170-700-fayton-2-300x179.jpg 300w, https:\/\/fayton.az\/wp-content\/uploads\/2023\/11\/blog-feature-1170-700-fayton-2-1024x613.jpg 1024w, https:\/\/fayton.az\/wp-content\/uploads\/2023\/11\/blog-feature-1170-700-fayton-2-18x12.jpg 18w, https:\/\/fayton.az\/wp-content\/uploads\/2023\/11\/blog-feature-1170-700-fayton-2-124x74.jpg 124w, https:\/\/fayton.az\/wp-content\/uploads\/2023\/11\/blog-feature-1170-700-fayton-2.jpg 1170w\" sizes=\"(max-width: 768px) 100vw, 768px\" \/>\t\t\t\t\t\t\t\t\t\t\t\t\t\t\t<\/div>\n\t\t\t\t<div class=\"entry-date\">\n\t\t\t\t\t<span class=\"day\">17<\/span>\n\t\t\t\t\t<span class=\"month\">May<\/span>\n\t\t\t\t<\/div>\n\t\t\t<\/div>\n\t\t\t<div class=\"blog-post-content\">\n\t\t\t\t\t\t\t\t<span class=\"post-category\"> <a href=\"https:\/\/fayton.az\/en\/category\/bloq\/\" rel=\"category tag\">Blog<\/a> <\/span>\n\t\t\t\t<h3 class=\"post-title\"><a href=\"https:\/\/fayton.az\/en\/motivation-in-life\/\">Otell\u0259r v\u0259 turizm m\u0259rk\u0259zl\u0259ri \u00fc\u00e7\u00fcn golf ma\u015f\u0131nlar\u0131n\u0131n \u0259h\u0259miyy\u0259ti<\/a><\/h3>\n\t\t\t\t<div class=\"post-btn\">\n\t\t\t\t\t<a class=\"read-link\" href=\"https:\/\/fayton.az\/en\/motivation-in-life\/\">Read More <i class=\"fa-solid fa-arrow-right-long\"><\/i><\/a>\n\t\t\t\t<\/div>\n\t\t\t<\/div>\n\t\t<\/div>\n\t\t\t\t<\/div>\n\t\t\t\t\t\t\t<\/div>\n<\/div>\n\t\t\t\t<\/div>\n\t\t\t\t<\/div>\n\t\t\t\t\t<\/div>\n\t\t\t\t<\/div>\n\t\t\t\t<\/div>","protected":false},"excerpt":{"rendered":"<p>06 Noy Media, Post Formats Replacing a timing Read More 17 May Uncategorized Does Your Life Lack Meaning Read More 17 May Uncategorized The A Z Of Motivation Read More 17 May Uncategorized Motivation In Life Read More<\/p>","protected":false},"author":1,"featured_media":0,"parent":0,"menu_order":0,"comment_status":"closed","ping_status":"closed","template":"","meta":{"_acf_changed":false,"footnotes":""},"class_list":["post-13556","page","type-page","status-publish","hentry"],"acf":[],"_links":{"self":[{"href":"https:\/\/fayton.az\/en\/wp-json\/wp\/v2\/pages\/13556","targetHints":{"allow":["GET"]}}],"collection":[{"href":"https:\/\/fayton.az\/en\/wp-json\/wp\/v2\/pages"}],"about":[{"href":"https:\/\/fayton.az\/en\/wp-json\/wp\/v2\/types\/page"}],"author":[{"embeddable":true,"href":"https:\/\/fayton.az\/en\/wp-json\/wp\/v2\/users\/1"}],"replies":[{"embeddable":true,"href":"https:\/\/fayton.az\/en\/wp-json\/wp\/v2\/comments?post=13556"}],"version-history":[{"count":5,"href":"https:\/\/fayton.az\/en\/wp-json\/wp\/v2\/pages\/13556\/revisions"}],"predecessor-version":[{"id":13563,"href":"https:\/\/fayton.az\/en\/wp-json\/wp\/v2\/pages\/13556\/revisions\/13563"}],"wp:attachment":[{"href":"https:\/\/fayton.az\/en\/wp-json\/wp\/v2\/media?parent=13556"}],"curies":[{"name":"wp","href":"https:\/\/api.w.org\/{rel}","templated":true}]}}